{"id":1867,"date":"2024-02-23T15:52:10","date_gmt":"2024-02-23T14:52:10","guid":{"rendered":"https:\/\/titagiese.com\/plantation-projects\/"},"modified":"2024-05-28T23:09:01","modified_gmt":"2024-05-28T21:09:01","slug":"plantation-projects","status":"publish","type":"page","link":"https:\/\/titagiese.com\/en\/","title":{"rendered":"Plantation Projects"},"content":{"rendered":"\t\t<div data-elementor-type=\"wp-page\" data-elementor-id=\"1867\" class=\"elementor elementor-1867 elementor-46\" data-elementor-post-type=\"page\">\n\t\t\t\t<div class=\"elementor-element elementor-element-e66bbc4 e-flex e-con-boxed e-con e-parent\" data-id=\"e66bbc4\" data-element_type=\"container\">\n\t\t\t\t\t<div class=\"e-con-inner\">\n\t\t<div class=\"elementor-element elementor-element-987987d e-con-full e-flex e-con e-child\" data-id=\"987987d\" data-element_type=\"container\">\n\t\t\t\t<div class=\"elementor-element elementor-element-18e56aa elementor-widget elementor-widget-image\" data-id=\"18e56aa\" data-element_type=\"widget\" data-widget_type=\"image.default\">\n\t\t\t\t<div class=\"elementor-widget-container\">\n\t\t\t\t\t\t\t\t\t\t\t\t\t\t\t<img fetchpriority=\"high\" decoding=\"async\" width=\"1200\" height=\"1363\" src=\"https:\/\/titagiese.com\/wp-content\/uploads\/2024\/02\/tita_giese-portrait_thomas-ruff-01a.jpg\" class=\"attachment-full size-full wp-image-1319\" alt=\"\" srcset=\"https:\/\/titagiese.com\/wp-content\/uploads\/2024\/02\/tita_giese-portrait_thomas-ruff-01a.jpg 1200w, https:\/\/titagiese.com\/wp-content\/uploads\/2024\/02\/tita_giese-portrait_thomas-ruff-01a-264x300.jpg 264w, https:\/\/titagiese.com\/wp-content\/uploads\/2024\/02\/tita_giese-portrait_thomas-ruff-01a-902x1024.jpg 902w, https:\/\/titagiese.com\/wp-content\/uploads\/2024\/02\/tita_giese-portrait_thomas-ruff-01a-768x872.jpg 768w\" sizes=\"(max-width: 1200px) 100vw, 1200px\" \/>\t\t\t\t\t\t\t\t\t\t\t\t\t\t\t<\/div>\n\t\t\t\t<\/div>\n\t\t<div class=\"elementor-element elementor-element-e4d145b e-con-full e-flex e-con e-child\" data-id=\"e4d145b\" data-element_type=\"container\">\n\t\t\t\t<div class=\"elementor-element elementor-element-15d0169 elementor-widget__width-initial elementor-widget elementor-widget-text-editor\" data-id=\"15d0169\" data-element_type=\"widget\" data-widget_type=\"text-editor.default\">\n\t\t\t\t<div class=\"elementor-widget-container\">\n\t\t\t\t\t\t\t\t\t<h6>Tita Giese<\/h6>\n\t\t\t\t\t\t\t\t<\/div>\n\t\t\t\t<\/div>\n\t\t\t\t<div class=\"elementor-element elementor-element-a9ec3d9 elementor-widget__width-initial elementor-widget elementor-widget-text-editor\" data-id=\"a9ec3d9\" data-element_type=\"widget\" data-widget_type=\"text-editor.default\">\n\t\t\t\t<div class=\"elementor-widget-container\">\n\t\t\t\t\t\t\t\t\t<h6>Photo Thomas Ruff<\/h6>\n\t\t\t\t\t\t\t\t<\/div>\n\t\t\t\t<\/div>\n\t\t\t\t<\/div>\n\t\t\t\t<\/div>\n\t\t<div class=\"elementor-element elementor-element-7c95928 e-con-full e-flex e-con e-child\" data-id=\"7c95928\" data-element_type=\"container\">\n\t\t\t\t<div class=\"elementor-element elementor-element-f5d05f1 elementor-widget elementor-widget-text-editor\" data-id=\"f5d05f1\" data-element_type=\"widget\" data-widget_type=\"text-editor.default\">\n\t\t\t\t<div class=\"elementor-widget-container\">\n\t\t\t\t\t\t\t\t\t<p><a href=\"https:\/\/titagiese.com\/en\/12-central-american-traffic-islands-in-duesseldorf-city-2\/\">12 central american traffic islands in D\u00fcsseldorf City<\/a><\/p>\n<p><a href=\"https:\/\/titagiese.com\/en\/berliner-allee-in-duesseldorf\/\">Berliner Allee in D\u00fcsseldorf<\/a><\/p>\n<p><a href=\"https:\/\/titagiese.com\/en\/ernst-reuter-platz-in-duesseldorf\/\">Ernst-Reuter-Platz in D\u00fcsseldorf<\/a><\/p>\n<p><a href=\"https:\/\/titagiese.com\/en\/7-plant-islands-at-duesseldorf-airport\/\">7 plant islands at D\u00fcsseldorf Airport<\/a><\/p>\n<p><a href=\"https:\/\/titagiese.com\/en\/4-plant-islands-on-deichtorplatz-in-hamburg\/\">4 plant islands on Deichtorplatz in Hamburg<\/a><\/p>\n<p><a href=\"https:\/\/titagiese.com\/en\/hanging-gardens-in-munich\/\">Hanging gardens in Munich Architects Herzog &amp; de Meuron<\/a><\/p>\n<p><a href=\"https:\/\/titagiese.com\/en\/koebogen-in-duesseldorf\/\">K\u00f6bogen in D\u00fcsseldorf<\/a><\/p>\n<p><a href=\"https:\/\/titagiese.com\/en\/ferngorges-ivyareas-and-grasterrasses-in-basel\/\">Ferngorges, ivyareas and grasterrasses in Basel<\/a><\/p>\n<p><a href=\"https:\/\/titagiese.com\/en\/arboretum-in-wolfsburg-with-fern-islands-inside-and-outside\/\">Arboretum in Wolfsburg with fern islands inside and outside<\/a><\/p>\n<p><a href=\"https:\/\/titagiese.com\/en\/jungle-island-on-ahnfeldplatz\/\">Jungle Island on Ahnfeldplatz<\/a><\/p>\n<p><a href=\"https:\/\/titagiese.com\/en\/sumach-trees-like-palmtrees-on-asphaltrocks-over-the-subwaytunnel\/\">Sumach trees like palmtrees on asphaltrocks over the subwaytunnel<\/a><\/p>\n<p><a href=\"https:\/\/titagiese.com\/en\/fern-island-nearby-duesseldorf\/\">Fern island nearby D\u00fcsseldorf<\/a><\/p>\n<p><a href=\"https:\/\/titagiese.com\/en\/ivy-carpet-for-the-koenigsallee\/\">Ivy carpet for the K\u00f6nigsallee<\/a><\/p>\n<p><a href=\"https:\/\/titagiese.com\/en\/working-depot-morick\/\">Working depot Morick<\/a><\/p>\n<p><a href=\"https:\/\/titagiese.com\/en\/monkeys-island\/\">Monkeys Island<\/a><\/p>\n<p><a href=\"https:\/\/titagiese.com\/en\/hotel-kantstrasse-berlin\/\">Hotel Kantstrasse Berlin<\/a><\/p>\n<p><a href=\"https:\/\/titagiese.com\/en\/hannover\/\">Hannover<\/a><\/p>\n<p><a href=\"https:\/\/titagiese.com\/en\/plant-wall-in-munich\/\">Plant wall in Munich<\/a><\/p>\n<p><a href=\"https:\/\/titagiese.com\/en\/plant-stripes-beside-the-rails-in-duesseldorf\/\">Plant stripes beside the rails in D\u00fcsseldorf<\/a><\/p>\n<p><a href=\"https:\/\/titagiese.com\/en\/garden-de-meuron-in-basel\/\">Garden de Meuron in Basel<\/a><\/p>\n<p><a href=\"https:\/\/titagiese.com\/en\/yuccas-on-the-roof-in-duesseldorf\/\">Yuccas on the Roof in D\u00fcsseldorf<\/a><\/p>\n<p><a href=\"https:\/\/titagiese.com\/en\/marienhoehe\/\">Marienh\u00f6he<\/a><\/p>\n<p><a href=\"https:\/\/titagiese.com\/en\/schmela-building\/\">Schmela building<\/a><\/p>\n<p><a href=\"https:\/\/titagiese.com\/en\/garten-gegenueber-der-donau\/\">Garden opposite Danubian river<\/a><\/p>\n<p><a href=\"https:\/\/titagiese.com\/en\/jungle-fruits-over-the-duesseldorf-harbour\/\">Jungle fruits over the D\u00fcsseldorf harbour<\/a><\/p>\n<p><a href=\"https:\/\/titagiese.com\/en\/palmtrees-on-balkony\/\">Palmtrees on balkony<\/a><\/p>\n<p><a href=\"https:\/\/titagiese.com\/en\/garden-thomas-ruff\/\">Garden Thomas Ruff<\/a><\/p>\n<p><a href=\"https:\/\/titagiese.com\/en\/swamp-balkony-in-berlin\/\">Swamp balkony in Berlin<\/a><\/p>\n<p><a href=\"https:\/\/titagiese.com\/en\/garden-andreas-gursky\/\">Garden Andreas Gursky<\/a><\/p>\n<p><a href=\"https:\/\/titagiese.com\/en\/my-test-areas\/\">My test areas<\/a><\/p>\n\t\t\t\t\t\t\t\t<\/div>\n\t\t\t\t<\/div>\n\t\t\t\t<\/div>\n\t\t\t\t\t<\/div>\n\t\t\t\t<\/div>\n\t\t\t\t<\/div>\n\t\t","protected":false},"excerpt":{"rendered":"<p>Tita Giese Photo Thomas Ruff 12 central american traffic islands in D\u00fcsseldorf City Berliner Allee in D\u00fcsseldorf Ernst-Reuter-Platz in D\u00fcsseldorf 7 plant islands at D\u00fcsseldorf Airport 4 plant islands on Deichtorplatz in Hamburg Hanging gardens in Munich Architects Herzog &amp; de Meuron K\u00f6bogen in D\u00fcsseldorf Ferngorges, ivyareas and grasterrasses in Basel Arboretum in Wolfsburg with [&hellip;]<\/p>\n","protected":false},"author":1,"featured_media":0,"parent":0,"menu_order":0,"comment_status":"closed","ping_status":"closed","template":"","meta":{"footnotes":""},"class_list":["post-1867","page","type-page","status-publish","hentry"],"_links":{"self":[{"href":"https:\/\/titagiese.com\/en\/wp-json\/wp\/v2\/pages\/1867","targetHints":{"allow":["GET"]}}],"collection":[{"href":"https:\/\/titagiese.com\/en\/wp-json\/wp\/v2\/pages"}],"about":[{"href":"https:\/\/titagiese.com\/en\/wp-json\/wp\/v2\/types\/page"}],"author":[{"embeddable":true,"href":"https:\/\/titagiese.com\/en\/wp-json\/wp\/v2\/users\/1"}],"replies":[{"embeddable":true,"href":"https:\/\/titagiese.com\/en\/wp-json\/wp\/v2\/comments?post=1867"}],"version-history":[{"count":19,"href":"https:\/\/titagiese.com\/en\/wp-json\/wp\/v2\/pages\/1867\/revisions"}],"predecessor-version":[{"id":2225,"href":"https:\/\/titagiese.com\/en\/wp-json\/wp\/v2\/pages\/1867\/revisions\/2225"}],"wp:attachment":[{"href":"https:\/\/titagiese.com\/en\/wp-json\/wp\/v2\/media?parent=1867"}],"curies":[{"name":"wp","href":"https:\/\/api.w.org\/{rel}","templated":true}]}}